{"id":3177,"date":"2025-07-23T05:10:48","date_gmt":"2025-07-23T05:10:48","guid":{"rendered":"https:\/\/secretdetail.pt\/?page_id=3177"},"modified":"2025-07-23T05:21:22","modified_gmt":"2025-07-23T05:21:22","slug":"sobre-nos","status":"publish","type":"page","link":"https:\/\/secretdetail.pt\/en\/sobre-nos\/","title":{"rendered":"About Us"},"content":{"rendered":"<div data-elementor-type=\"wp-page\" data-elementor-id=\"3177\" class=\"elementor elementor-3177\">\n\t\t\t\t\t\t<section class=\"elementor-section elementor-top-section elementor-element elementor-element-c29a3c5 elementor-section-height-min-height elementor-section-boxed elementor-section-height-default elementor-section-items-middle exad-glass-effect-no exad-sticky-section-no\" data-id=\"c29a3c5\" data-element_type=\"section\" data-e-type=\"section\" data-settings=\"{&quot;background_background&quot;:&quot;slideshow&quot;,&quot;background_slideshow_gallery&quot;:[{&quot;id&quot;:1521,&quot;url&quot;:&quot;https:\\\/\\\/secretdetail.pt\\\/wp-content\\\/uploads\\\/2024\\\/12\\\/IMG_4065-1.png&quot;},{&quot;id&quot;:2079,&quot;url&quot;:&quot;https:\\\/\\\/secretdetail.pt\\\/wp-content\\\/uploads\\\/2025\\\/01\\\/8-9-scaled.jpeg&quot;},{&quot;id&quot;:1543,&quot;url&quot;:&quot;https:\\\/\\\/secretdetail.pt\\\/wp-content\\\/uploads\\\/2024\\\/12\\\/4-1.jpeg&quot;}],&quot;background_slideshow_transition_duration&quot;:1000,&quot;background_slideshow_ken_burns&quot;:&quot;yes&quot;,&quot;background_slideshow_slide_duration&quot;:4000,&quot;background_slideshow_loop&quot;:&quot;yes&quot;,&quot;background_slideshow_slide_transition&quot;:&quot;fade&quot;,&quot;background_slideshow_ken_burns_zoom_direction&quot;:&quot;in&quot;}\">\n\t\t\t\t\t\t\t<div class=\"elementor-background-overlay\"><\/div>\n\t\t\t\t\t\t\t<div class=\"elementor-container elementor-column-gap-default\">\n\t\t\t\t\t<div class=\"elementor-column elementor-col-100 elementor-top-column elementor-element elementor-element-c7f4bb6 exad-glass-effect-no exad-sticky-section-no\" data-id=\"c7f4bb6\" data-element_type=\"column\" data-e-type=\"column\">\n\t\t\t<div class=\"elementor-widget-wrap elementor-element-populated\">\n\t\t\t\t\t\t<div class=\"elementor-element elementor-element-b1faa16 exad-sticky-section-no exad-glass-effect-no elementor-widget elementor-widget-heading\" data-id=\"b1faa16\" data-element_type=\"widget\" data-e-type=\"widget\" data-widget_type=\"heading.default\">\n\t\t\t\t<div class=\"elementor-widget-container\">\n\t\t\t\t\t<h2 class=\"elementor-heading-title elementor-size-default\">About Us<\/h2>\t\t\t\t<\/div>\n\t\t\t\t<\/div>\n\t\t\t\t\t<\/div>\n\t\t<\/div>\n\t\t\t\t\t<\/div>\n\t\t<\/section>\n\t\t\t\t<section class=\"elementor-section elementor-top-section elementor-element elementor-element-w9sc4r8 elementor-section-content-middle elementor-reverse-mobile elementor-section-boxed elementor-section-height-default elementor-section-height-default exad-glass-effect-no exad-sticky-section-no\" data-id=\"w9sc4r8\" data-element_type=\"section\" data-e-type=\"section\" data-settings=\"{&quot;background_background&quot;:&quot;classic&quot;}\">\n\t\t\t\t\t\t\t<div class=\"elementor-background-overlay\"><\/div>\n\t\t\t\t\t\t\t<div class=\"elementor-container elementor-column-gap-no\">\n\t\t\t\t\t<div class=\"elementor-column elementor-col-50 elementor-top-column elementor-element elementor-element-b0b74d8 exad-glass-effect-no exad-sticky-section-no\" data-id=\"b0b74d8\" data-element_type=\"column\" data-e-type=\"column\">\n\t\t\t<div class=\"elementor-widget-wrap elementor-element-populated\">\n\t\t\t\t\t\t<div class=\"elementor-element elementor-element-bfed4c6 exad-sticky-section-no exad-glass-effect-no elementor-widget elementor-widget-heading\" data-id=\"bfed4c6\" data-element_type=\"widget\" data-e-type=\"widget\" data-widget_type=\"heading.default\">\n\t\t\t\t<div class=\"elementor-widget-container\">\n\t\t\t\t\t<h2 class=\"elementor-heading-title elementor-size-default\">De Splash a Secret, como come\u00e7ou a paix\u00e3o pelo detalhe?<\/h2>\t\t\t\t<\/div>\n\t\t\t\t<\/div>\n\t\t\t\t<div class=\"elementor-element elementor-element-327f367 exad-sticky-section-no exad-glass-effect-no elementor-widget elementor-widget-text-editor\" data-id=\"327f367\" data-element_type=\"widget\" data-e-type=\"widget\" data-widget_type=\"text-editor.default\">\n\t\t\t\t<div class=\"elementor-widget-container\">\n\t\t\t\t\t\t\t\t\t<p>\"It all started at the end of 2022, motivated by dissatisfaction with the car care services available in Set\u00fabal. As a car enthusiast, I decided to explore the world of detailing in depth and quickly realized how demanding and technical this world is. It was then that I understood that, over the years, I had been taking care of my car incorrectly. Automatic washes, rollers and inappropriate practices had an impact on the shine of the paintwork and the condition of the interior, which never reached the perfection I desired.<br \/><br \/>With the determination to change this reality and offer something unique, I initially founded\u00a0<strong>Splash Detail<\/strong>, operating in a store that only accommodated one car at a time. It was a year of immense learning and growth, but I realized that the name no longer reflected the vision and excellence I was seeking. Thus was born\u00a0<strong>Secret Detail<\/strong>, a brand that represents all my effort, dedication and commitment to transforming each project into an impeccable experience, to give your car the shine and sophistication it deserves.\u201d<\/p>\t\t\t\t\t\t\t\t<\/div>\n\t\t\t\t<\/div>\n\t\t\t\t\t<\/div>\n\t\t<\/div>\n\t\t\t\t<div class=\"elementor-column elementor-col-50 elementor-top-column elementor-element elementor-element-51962fb exad-glass-effect-no exad-sticky-section-no\" data-id=\"51962fb\" data-element_type=\"column\" data-e-type=\"column\" data-settings=\"{&quot;background_background&quot;:&quot;classic&quot;}\">\n\t\t\t<div class=\"elementor-widget-wrap elementor-element-populated\">\n\t\t\t\t\t\t<div class=\"elementor-element elementor-element-6315460 exad-sticky-section-no exad-glass-effect-no elementor-widget elementor-widget-image\" data-id=\"6315460\" data-element_type=\"widget\" data-e-type=\"widget\" data-widget_type=\"image.default\">\n\t\t\t\t<div class=\"elementor-widget-container\">\n\t\t\t\t\t\t\t\t\t\t\t\t<figure class=\"wp-caption\">\n\t\t\t\t\t\t\t\t\t\t<img fetchpriority=\"high\" decoding=\"async\" width=\"1080\" height=\"1350\" src=\"https:\/\/secretdetail.pt\/wp-content\/uploads\/2024\/12\/IMG_4065-1.png\" class=\"attachment-full size-full wp-image-1521\" alt=\"IMG 4065 1\" srcset=\"https:\/\/secretdetail.pt\/wp-content\/uploads\/2024\/12\/IMG_4065-1.png 1080w, https:\/\/secretdetail.pt\/wp-content\/uploads\/2024\/12\/IMG_4065-1-240x300.png 240w, https:\/\/secretdetail.pt\/wp-content\/uploads\/2024\/12\/IMG_4065-1-819x1024.png 819w, https:\/\/secretdetail.pt\/wp-content\/uploads\/2024\/12\/IMG_4065-1-768x960.png 768w\" sizes=\"(max-width: 1080px) 100vw, 1080px\" title=\"About Us\">\t\t\t\t\t\t\t\t\t\t\t<figcaption class=\"widget-image-caption wp-caption-text\">Photo: December 2023, last year as Splash Detail<\/figcaption>\n\t\t\t\t\t\t\t\t\t\t<\/figure>\n\t\t\t\t\t\t\t\t\t<\/div>\n\t\t\t\t<\/div>\n\t\t\t\t\t<\/div>\n\t\t<\/div>\n\t\t\t\t\t<\/div>\n\t\t<\/section>\n\t\t\t\t<\/div>","protected":false},"excerpt":{"rendered":"<p>Sobre N\u00f3s De Splash a Secret, como come\u00e7ou a paix\u00e3o pelo detalhe? \u201cTudo come\u00e7ou no final de 2022, motivado pela insatisfa\u00e7\u00e3o com os servi\u00e7os de cuidado autom\u00f3vel dispon\u00edveis em Set\u00fabal. Como apaixonado por carros, decidi explorar a fundo o universo do detalhamento e rapidamente percebi o qu\u00e3o exigente e t\u00e9cnico este mundo \u00e9. Foi ent\u00e3o [&hellip;]<\/p>","protected":false},"author":1,"featured_media":0,"parent":0,"menu_order":0,"comment_status":"closed","ping_status":"closed","template":"","meta":{"om_disable_all_campaigns":false,"_uag_custom_page_level_css":"","_monsterinsights_skip_tracking":false,"_monsterinsights_sitenote_active":false,"_monsterinsights_sitenote_note":"","_monsterinsights_sitenote_category":0,"_uf_show_specific_survey":0,"_uf_disable_surveys":false,"site-sidebar-layout":"no-sidebar","site-content-layout":"","ast-site-content-layout":"full-width-container","site-content-style":"unboxed","site-sidebar-style":"unboxed","ast-global-header-display":"","ast-banner-title-visibility":"","ast-main-header-display":"","ast-hfb-above-header-display":"","ast-hfb-below-header-display":"","ast-hfb-mobile-header-display":"","site-post-title":"","ast-breadcrumbs-content":"","ast-featured-img":"","footer-sml-layout":"","ast-disable-related-posts":"","theme-transparent-header-meta":"enabled","adv-header-id-meta":"","stick-header-meta":"","header-above-stick-meta":"","header-main-stick-meta":"","header-below-stick-meta":"","astra-migrate-meta-layouts":"default","ast-page-background-enabled":"default","ast-page-background-meta":{"desktop":{"background-color":"","background-image":"","background-repeat":"repeat","background-position":"center center","background-size":"auto","background-attachment":"scroll","background-type":"","background-media":"","overlay-type":"","overlay-color":"","overlay-opacity":"","overlay-gradient":""},"tablet":{"background-color":"","background-image":"","background-repeat":"repeat","background-position":"center center","background-size":"auto","background-attachment":"scroll","background-type":"","background-media":"","overlay-type":"","overlay-color":"","overlay-opacity":"","overlay-gradient":""},"mobile":{"background-color":"","background-image":"","background-repeat":"repeat","background-position":"center center","background-size":"auto","background-attachment":"scroll","background-type":"","background-media":"","overlay-type":"","overlay-color":"","overlay-opacity":"","overlay-gradient":""}},"ast-content-background-meta":{"desktop":{"background-color":"var(--ast-global-color-5)","background-image":"","background-repeat":"repeat","background-position":"center center","background-size":"auto","background-attachment":"scroll","background-type":"","background-media":"","overlay-type":"","overlay-color":"","overlay-opacity":"","overlay-gradient":""},"tablet":{"background-color":"var(--ast-global-color-5)","background-image":"","background-repeat":"repeat","background-position":"center center","background-size":"auto","background-attachment":"scroll","background-type":"","background-media":"","overlay-type":"","overlay-color":"","overlay-opacity":"","overlay-gradient":""},"mobile":{"background-color":"var(--ast-global-color-5)","background-image":"","background-repeat":"repeat","background-position":"center center","background-size":"auto","background-attachment":"scroll","background-type":"","background-media":"","overlay-type":"","overlay-color":"","overlay-opacity":"","overlay-gradient":""}},"footnotes":""},"class_list":["post-3177","page","type-page","status-publish","hentry"],"aioseo_notices":[],"uagb_featured_image_src":{"full":false,"thumbnail":false,"medium":false,"medium_large":false,"large":false,"1536x1536":false,"2048x2048":false,"trp-custom-language-flag":false},"uagb_author_info":{"display_name":"secretdetailpt@gmail.com","author_link":"https:\/\/secretdetail.pt\/en\/author\/secretdetailptgmail-com\/"},"uagb_comment_info":0,"uagb_excerpt":"Sobre N\u00f3s De Splash a Secret, como come\u00e7ou a paix\u00e3o pelo detalhe? \u201cTudo come\u00e7ou no final de 2022, motivado pela insatisfa\u00e7\u00e3o com os servi\u00e7os de cuidado autom\u00f3vel dispon\u00edveis em Set\u00fabal. Como apaixonado por carros, decidi explorar a fundo o universo do detalhamento e rapidamente percebi o qu\u00e3o exigente e t\u00e9cnico este mundo \u00e9. Foi ent\u00e3o&hellip;","_links":{"self":[{"href":"https:\/\/secretdetail.pt\/en\/wp-json\/wp\/v2\/pages\/3177","targetHints":{"allow":["GET"]}}],"collection":[{"href":"https:\/\/secretdetail.pt\/en\/wp-json\/wp\/v2\/pages"}],"about":[{"href":"https:\/\/secretdetail.pt\/en\/wp-json\/wp\/v2\/types\/page"}],"author":[{"embeddable":true,"href":"https:\/\/secretdetail.pt\/en\/wp-json\/wp\/v2\/users\/1"}],"replies":[{"embeddable":true,"href":"https:\/\/secretdetail.pt\/en\/wp-json\/wp\/v2\/comments?post=3177"}],"version-history":[{"count":4,"href":"https:\/\/secretdetail.pt\/en\/wp-json\/wp\/v2\/pages\/3177\/revisions"}],"predecessor-version":[{"id":3182,"href":"https:\/\/secretdetail.pt\/en\/wp-json\/wp\/v2\/pages\/3177\/revisions\/3182"}],"wp:attachment":[{"href":"https:\/\/secretdetail.pt\/en\/wp-json\/wp\/v2\/media?parent=3177"}],"curies":[{"name":"wp","href":"https:\/\/api.w.org\/{rel}","templated":true}]}}